{"id":559,"date":"2019-10-14T16:30:30","date_gmt":"2019-10-14T15:30:30","guid":{"rendered":"http:\/\/kataracte.ch\/ckp\/?page_id=559"},"modified":"2019-10-14T16:31:50","modified_gmt":"2019-10-14T15:31:50","slug":"final-report-summary","status":"publish","type":"page","link":"https:\/\/kataracte.ch\/ckp\/memophi-2\/final-report-summary\/","title":{"rendered":"FINAL REPORT SUMMARY"},"content":{"rendered":"<p><strong>MEMOPHI<\/strong> studied how eighteenth- and nineteenth-century historians of philosophy wrote the history of their discipline and, particularly, of medieval and Renaissance thought. Merging the micro-history (case studies) and the macro-history (longue dur\u00e9e), the local and the global, it aimed at an interdisciplinary and entangled history of the history of philosophy.<\/p>\n<p>On the temporal dimension, we particularly investigated how modern historians of philosophy elaborated historical legitimations of modern reason by distinguishing it from premodern philosophies or, from the 1780s onward, by tracing its origins back to the Middle Ages, colonizing the medieval past or national medieval pasts. Furthermore, we studied the changing representations of Renaissance produced in Germany, France, and Italy during the period ca. 1650\u2013ca. 1870, that is, over the longue dur\u00e9e of the formation of modern nations.<\/p>\n<p>On the spatial dimension, MEMOPHI explored the notion of \u2018cultural territories\u2019 or \u2018cultural territorialization\u2019. We particularly investigated how, since the early Enlightenment, the legitimization of Western scientific supremacy went hand-in-hand with self-conceptions of modernity as an emancipated age located in geopolitical and sociocultural territories. Modern philosophers, ethnologists and historians drew maps of civilization. They located its remote prehistory in the Orient or Asia, which was characterized by its mystical and immutable nature. By contrast, analytical rationality and reflexive thought were conceived of as Western devices that developed in Europe and had been anticipated in ancient Greece with the joint birth of philosophy and democracy. Moreover, from the 1780s onward, civilization was fragmented into racial or cultural groups. We critically addressed this \u2018cultural turn\u2019 as both the ancestor of our present scientific map of cultural areas, and the scholarly origins of the alleged \u201cclash of civilizations\u201d which was claimed by Samuel Huntington at the end of the 20th century.<\/p>\n<p>As a result of those two lines of research, MEMOPHI highlighted the political program which governed the formation of modern university and the mapping of modern disciplines. We investigated the impact of the narratives elaborated by historians of philosophy on other disciplines and the civil society. We particularly reconstructed the process through which Europe has been conceived of as a cultural device which should be investigated by theoretical sciences, such as philosophy, economics and, later, sociology, while the rest of the world was destined to be a terrain for empirical research in disciplines such as botanic, anthropology, linguistics and ethnology.<\/p>\n<p>Finally, the pragmatic and interdisciplinary history of philosophical historiography written in the framework of MEMOPHI does not neglect or exclude \u2018big\u2019 or abstract ideas, such as truth, objectivity, rationality, analytical thought, or reflexivity. In order to investigate historically the formation of those abstract ideas, we envisioned them as the results of social practices and the outcomes of scientists\u2019 and philosophers\u2019 everyday activities. We thus bridged the gap between intellectual history on the one hand, and material and social history of knowledge on the other hand.<\/p>\n<p><strong>Website (containing links to downloadable publications)<\/strong><\/p>\n<p><a href=\"https:\/\/www.memophi.uni-freiburg.de\/\" target=\"_blank\" rel=\"noopener\">https:\/\/www.memophi.uni-freiburg.de\/<\/a><\/p>\n<p><strong>Monographs<\/strong><\/p>\n<p>C. K\u00f6nig-Pralong, La colonie philosophique. \u00c9crire l\u2019histoire de la philosophie aux XVIIIe-XIXe si\u00e8cles, Paris, \u00c9ditions de l\u2019EHESS, 2019.<\/p>\n<p>C. K\u00f6nig-Pralong, M\u00e9di\u00e9visme philosophique et raison moderne. De Pierre Bayle \u00e0 Ernest Renan, Paris, Vrin, 2016.<\/p>\n<p>C. K\u00f6nig-Pralong, M. Meliad\u00f2, Z. Radeva (eds.), The Territories of Philosophy in Modern Historiography, Turnhout\/Bari, Brepols\/Pagina, 2019.<\/p>\n<p>C. K\u00f6nig-Pralong, M. Meliad\u00f2, Z. Radeva (eds.), \u2018Outsiders\u2019 and \u2018Forerunners\u2019. Modern Reason and Historiographical Births of Medieval Philosophy, Turnhout, Brepols, 2018.<\/p>\n<p>M. Meliad\u00f2, S. Negri (eds.), Praxis des Philosophierens, Praktiken der Historiographie. Perspektiven von der Sp\u00e4tantike bis zur Moderne, Freiburg\/M\u00fcnchen, Verlag Karl Alber, 2018.<\/p>\n<p>&nbsp;<\/p>\n<p><strong>MEMOPHI team members<\/strong><\/p>\n<p>Catherine K\u00f6nig-Pralong (PI), Mario Meliad\u00f2 (Postdoc), Friederike Schmiga (Postdoc), Mostafa Najafi (PhD student), Zornitsa Radeva (PhD student), Marieke Abram (scientific coordination), Silvia Negri (research associate)<\/p>\n<p>&nbsp;<\/p>\n<p><strong>Downloadable publications<\/strong><\/p>\n<p><span class=\"link-external\"><a href=\"https:\/\/freidok.uni-freiburg.de\/pers\/17022\" target=\"_blank\" rel=\"noopener\">https:\/\/freidok.uni-freiburg.de\/pers\/17022<\/a><\/span><\/p>\n<p><span class=\"link-external\"><a href=\"https:\/\/freidok.uni-freiburg.de\/pers\/20974\" target=\"_blank\" rel=\"noopener\">https:\/\/freidok.uni-freiburg.de\/pers\/20974<\/a><\/span><\/p>\n<p><span class=\"link-external\"><a href=\"https:\/\/freidok.uni-freiburg.de\/pers\/21535\" target=\"_blank\" rel=\"noopener\">https:\/\/freidok.uni-freiburg.de\/pers\/21535<\/a><\/span><\/p>\n<p>The Final Report Summary can be viewed and downloaded <span class=\"link-external\"><a href=\"https:\/\/cordis.europa.eu\/project\/rcn\/185571\/reporting\/fr\" target=\"_blank\" rel=\"noopener\">here<\/a><\/span>.<\/p>\n","protected":false},"excerpt":{"rendered":"<p>MEMOPHI studied how eighteenth- and nineteenth-century historians of philosophy wrote the history of their discipline and, particularly, of medieval and Renaissance thought. Merging the micro-history (case studies) and the macro-history&hellip; <\/p>\n","protected":false},"author":1,"featured_media":0,"parent":101,"menu_order":0,"comment_status":"closed","ping_status":"closed","template":"","meta":[],"_links":{"self":[{"href":"https:\/\/kataracte.ch\/ckp\/wp-json\/wp\/v2\/pages\/559"}],"collection":[{"href":"https:\/\/kataracte.ch\/ckp\/wp-json\/wp\/v2\/pages"}],"about":[{"href":"https:\/\/kataracte.ch\/ckp\/wp-json\/wp\/v2\/types\/page"}],"author":[{"embeddable":true,"href":"https:\/\/kataracte.ch\/ckp\/wp-json\/wp\/v2\/users\/1"}],"replies":[{"embeddable":true,"href":"https:\/\/kataracte.ch\/ckp\/wp-json\/wp\/v2\/comments?post=559"}],"version-history":[{"count":2,"href":"https:\/\/kataracte.ch\/ckp\/wp-json\/wp\/v2\/pages\/559\/revisions"}],"predecessor-version":[{"id":561,"href":"https:\/\/kataracte.ch\/ckp\/wp-json\/wp\/v2\/pages\/559\/revisions\/561"}],"up":[{"embeddable":true,"href":"https:\/\/kataracte.ch\/ckp\/wp-json\/wp\/v2\/pages\/101"}],"wp:attachment":[{"href":"https:\/\/kataracte.ch\/ckp\/wp-json\/wp\/v2\/media?parent=559"}],"curies":[{"name":"wp","href":"https:\/\/api.w.org\/{rel}","templated":true}]}}