{"id":434,"date":"2017-07-12T08:40:34","date_gmt":"2017-07-12T07:40:34","guid":{"rendered":"http:\/\/kataracte.ch\/ckp\/?page_id=434"},"modified":"2017-07-12T08:40:34","modified_gmt":"2017-07-12T07:40:34","slug":"mid-term-report-summary-01-07-2014-31-12-2016","status":"publish","type":"page","link":"https:\/\/kataracte.ch\/ckp\/memophi-2\/mid-term-report-summary-01-07-2014-31-12-2016\/","title":{"rendered":"Mid-Term Report Summary 01.07.2014-31.12.2016"},"content":{"rendered":"<p>MEMOPHI investigates how 18th- and 19th-century historians of philosophy reconstructed medieval philosophy, invented \u201cmysticism\u201d, contrasted it with \u201cscholasticism\u201d, identified and compared \u201ccultures\u201d, and excluded other cultural worlds from Western rationality and science.<br \/>\nIn a monograph published in 2016 (M\u00e9di\u00e9visme philosophique et raison moderne, De Pierre Bayle \u00e0 Ernest Renan. Paris), as well as in several articles, C. K\u00f6nig-Pralong investigated how history of philosophy contributed to the creation of national and\/or European identities. From the 18th century onward European \u201ccivilization\u201d has been portrayed by contemporary philosophical historiography as being characterized by its philosophical mindedness that was said to have reached maturity or, in alternative narratives, appeared in the 17th century. By contrasting European culture with other cultural ensembles, modern historians of philosophy created the notion of European philosophical culture that was essentially rooted in Greek and\/or modern secularized philosophy. Long before Samuel Huntington published his controversial book on the clash of civilizations (1997) and claimed that \u201cthe West has never generated a major religion\u201d, historians of philosophy elaborated a grand narrative which aimed to free Western culture from religious inclinations by biologically rooting religion in other cultures, particularly in the \u201cSemitic\u201d race (see C. K\u00f6nig-Pralong: L\u2019histoire m\u00e9di\u00e9vale de la raison philosophique moderne. Annales HSS 70 (2015), p. 667-711; C. K\u00f6nig-Pralong: Alterit\u00e4t, fremde N\u00e4he und Hybridisierung. Die Araber in der Philosophiegeschichte um 1800. Deutsches Jahrbuch Philosophie, forthcoming 2017). However, in the 19th century the allegedly European philosophical culture took particularistic forms in the foundational myths of the nation which, in turn, involved rehabilitations and colonization of the national Middle Ages in philosophical historiographies, especially in France and Germany (see C. K\u00f6nig-Pralong, Entangled Philosophical Ideologies. The Language of Reason. U. Zahnd (ed.), Language and Method. Freiburg, forthcoming 2017).<br \/>\nThe investigation conducted by Mario Meliad\u00f2 on the notion of method constitutes the second research orientation of MEMOPHI. M. Meliad\u00f2 demonstrated how conception(s) of method guided the historiographical reconstructions of medieval thought and enabled its appropriation, recontextualization and use in the legitimation discourse of modern rationality. In particular, M. Meliad\u00f2 studied the historiographical creation of the notion of \u201cscholastic method\u201d in 18th- and 19th-century philosophical culture and analysed how this notion came to constitute both an antithetical model representing the otherness of medieval rationality and a category of continuity, which allowed historians of philosophy to elaborate a \u201cscholastic genealogy\u201d for modern conceptions of knowledge. (See M. Meliad\u00f2: Scholastica sive pseudophilosophia. Heumann, Brucker und die historiographische Konstruktion der Scholastik in der Fr\u00fchaufl\u00e4rung. A. Speer (ed.), Error, Berlin 2018; M. Meliad\u00f2: Cusanus, die Neuscholastik und die historiographische Repr\u00e4sentation des modernen Epochenanbruchs. Archiv f\u00fcr Kulturgeschichte, forthcoming 2017).<br \/>\nFinally, Zornitsa Radeva concentrated on the idea of \u201cgenuine Aristotelianism\u201d in Protestant philosophical historiography from the period c. 1650 \u2013 c. 1750. In three separate studies dedicated to Pierre Bayle, Jacob Brucker and Jacob Thomasius, which will be published in 2017\/8, she investigated how the notion of \u201cgenuine Aristotelianism\u201d was employed to demarcate different forms of modern (Protestant) rationality not only from medieval scholasticism but also more generally from what was perceived as the Aristotelically dominated past of philosophy. In this context, the historiographical representations of Aristotle\u2019s theory of intellect form an important thread of inquiry as one of the most characteristic and controversial Aristotelian doctrines.<\/p>\n","protected":false},"excerpt":{"rendered":"<p>MEMOPHI investigates how 18th- and 19th-century historians of philosophy reconstructed medieval philosophy, invented \u201cmysticism\u201d, contrasted it with \u201cscholasticism\u201d, identified and compared \u201ccultures\u201d, and excluded other cultural worlds from Western rationality&hellip; <\/p>\n","protected":false},"author":1,"featured_media":0,"parent":101,"menu_order":0,"comment_status":"closed","ping_status":"closed","template":"","meta":[],"_links":{"self":[{"href":"https:\/\/kataracte.ch\/ckp\/wp-json\/wp\/v2\/pages\/434"}],"collection":[{"href":"https:\/\/kataracte.ch\/ckp\/wp-json\/wp\/v2\/pages"}],"about":[{"href":"https:\/\/kataracte.ch\/ckp\/wp-json\/wp\/v2\/types\/page"}],"author":[{"embeddable":true,"href":"https:\/\/kataracte.ch\/ckp\/wp-json\/wp\/v2\/users\/1"}],"replies":[{"embeddable":true,"href":"https:\/\/kataracte.ch\/ckp\/wp-json\/wp\/v2\/comments?post=434"}],"version-history":[{"count":1,"href":"https:\/\/kataracte.ch\/ckp\/wp-json\/wp\/v2\/pages\/434\/revisions"}],"predecessor-version":[{"id":435,"href":"https:\/\/kataracte.ch\/ckp\/wp-json\/wp\/v2\/pages\/434\/revisions\/435"}],"up":[{"embeddable":true,"href":"https:\/\/kataracte.ch\/ckp\/wp-json\/wp\/v2\/pages\/101"}],"wp:attachment":[{"href":"https:\/\/kataracte.ch\/ckp\/wp-json\/wp\/v2\/media?parent=434"}],"curies":[{"name":"wp","href":"https:\/\/api.w.org\/{rel}","templated":true}]}}