{"id":169,"date":"2014-07-27T09:11:08","date_gmt":"2014-07-27T08:11:08","guid":{"rendered":"http:\/\/kataracte.ch\/ckp\/?page_id=169"},"modified":"2016-12-06T21:49:25","modified_gmt":"2016-12-06T20:49:25","slug":"conferences","status":"publish","type":"page","link":"https:\/\/kataracte.ch\/ckp\/memophi-2\/conferences\/","title":{"rendered":"CONFERENCES \/ WORKSHOPS"},"content":{"rendered":"<h4 style=\"text-align: justify;\"><strong><span style=\"color: #ff6600;\">October 26-28, 2017 \u01c0 <a href=\"https:\/\/www.memophi.uni-freiburg.de\/Conferences\/wp2\" target=\"_blank\">International Conference<\/a> \u01c0 Freiburg University<\/span><\/strong><\/h4>\n<h6><span style=\"color: #333399;\"><a style=\"color: #333399;\" href=\"https:\/\/www.memophi.uni-freiburg.de\/Conferences\/wp2\" target=\"_blank\"><b>Inventing Europe in Modern History of Philosophy<\/b><\/a><\/span><\/h6>\n<p style=\"text-align: justify;\">From the 18th century onward European civilization has been characterized by a philosophical mind that would have reached maturity or, in alternative narratives, appeared in the 17th century. In the 18th and 19th centuries, philosophical historiography contributed in a specific and significant way to the constitution of this <em>topos<\/em> and, in so doing, to the creation of European modern self-consciousness. By contrasting European culture with other cultural ensembles, modern historians of philosophy created a European philosophical culture that was essentially Christian and paradoxically rooted in Greek (pagan) and\/or modern (secularized) philosophy. With notable exceptions such as Brucker\u2019s history of philosophy or Voltaire\u2019s cultural history, these processes of constituting European identity on the ground of philosophical rationality indeed excluded other cultures, which were on the one hand identified as Semitic, Chinese, Japanese or American Indian, on the other hand, historically situated in ages allegedly devoid of autonomous philosophical rationality, that is, in the antediluvian period, in the Middle Ages or in the Renaissance. Since the end of the 18th century, the European philosophical culture would moreover have taken particular forms in the recently created nations.<\/p>\n<p style=\"text-align: justify;\">The conference <em>Inventing Europe in Modern History of Philosophy<\/em> aims <strong>(A)<\/strong> to reconstruct some exemplary modern undertakings, which, on the one hand, have contributed to the definition of philosophy as a method and cultural endeavor; on the other hand <strong>(B)<\/strong>, have created an allegedly European philosophical mind by excluding other cultural and historical worlds. Moreover, <strong>(C)<\/strong> it intends to investigate the effects that these European historiographical enterprises have had on histories of philosophy undertaken in other cultural areas, which have precisely been identified as \u201cother\u201d or non-philosophical in Western history of philosophy (such as China, Japan and the Islamic World).<\/p>\n<p style=\"text-align: justify;\"><strong>(A) Definition of philosophy as a method and cultural endeavor.<\/strong> While reconstructing the developments, fortunes, misfortunes, accelerations, progresses and regressions of philosophical rationality since its very first anticipations in the antediluvian ages (e.g. J.J. Brucker) or in Greek antiquity (e.g. D. Tiedemann), modern historians of philosophy defined the object of their narratives by at least five features. (1) First, they considered the philosophical culture that had reached maturity in modern Europe as a process of <em>generalization<\/em>. The philosophical mind claims a certain degree of abstraction. Since the beginning of its history, it has elaborated general concepts such as the ideas of being and truth. By contrast, non-philosophical cultures would be unable to think abstractly; their cultural productions would rather be poetical or religious. (2) Second, according to modern historians of philosophy and philosophers, European philosophical culture has a monopoly on <em>method<\/em>, which is regarded as an epistemic virtue. From the scholastic ages onwards philosophers and theologians established controlled procedures for treating general problems. In the modern era, with Descartes and then Kant, the dialectical scholastic method turned to or was replaced by criticism. (3) Third, this method has also been described as <em>analytic<\/em> \u2013 particularly in French and English historiographies, less in German history of philosophy. Philosophical analysis creates discontinuity and thus provides epistemic tools for cumulative and controlled sciences. In this respect, modern historians of philosophy paid special attention to the problem of the language one should speak or write in philosophy, whether it be a formal, artificial language or a natural language such as German or French. \u00a0In the 19th century, they notably underlined that Semitic languages are unsuitable for philosophy. (4) Fourth, in the modern philosophical historiography the achievement of philosophy goes hand in hand with a <em>secularized<\/em> and intersubjective rationality, whose political counterpart is the European rule of law. By contrast, non-European philosophical enterprises, for example the so-called \u201cArabic peripatetic philosophy\u201d, are often portrayed as fatalistic, enthusiastic or fanatical and compared with tyrannical political regimes. (5) Finally, European philosophical culture has been conceived as <em>reflexive<\/em>. By reconstructing the history of philosophical rationality over the centuries, the European mind would have become conscious of itself. At least since the romantic era, <em>historical self-consciousness<\/em> has been regarded by historians of philosophy and culture as an essential modern and European philosophical feature.<\/p>\n<p style=\"text-align: justify;\"><strong>(B) Creation of a European philosophical culture by exclusion of others.<\/strong> As already suggested, the constitution of a specific European cultural identity proceeded, in the history of philosophy, by excluding other cultural traditions and therefore by identifying them. History and anthropology indeed served as projection surfaces for modern historians of philosophy. \u201cSemites\u201d, Chinese, Japanese and American Indians sometimes played the role of the noble savage for stigmatizing, in contrast, the corrupted sophistication of philosophy in the European Middle Ages, or they embodied barbarous, fanatical or mystical cultures, which are heterogeneous to philosophy (in the sense described above). Religion and language were at the center of these reconstructions; they were seen as markers of cultural identities. From a <em>diachronic<\/em> point of view, three periods were particularly considered as pre- or non-philosophical: the antediluvian ages, in which the reason was still in an embryonic stage; the Middle Ages, in which philosophy was mixed up with theology and therefore enslaved and corrupted; and the Renaissance, which has been considered as a (non-philosophical) artistic period. Ancient Greece and modern Europe were thus portrayed as the privileged ages of philosophical culture. Around 1800 the Middle Ages were however rehabilitated: in the emerging nations, historians of philosophy colonized the national Middle Ages in order to make them the cradle of the national culture.<\/p>\n<p style=\"text-align: justify;\"><strong>(C) Retroactive and proactive effects on non-European histories of philosophy or philosophies.<\/strong> Since the last decades of the 20th century, history of philosophy has been globalized, giving rise to a \u201cglobal history of ideas (or philosophy)\u201d. Historians of philosophy and culture have notably studied the effects of Western cultural undertakings on other cultural areas. In the conference, we intend to present some case studies documenting how European definition of philosophy (as described above) has been received in the worlds which embodied otherness in modern histories of philosophy, how the grand European narrative has been taken over or contested in them.<\/p>\n<p style=\"text-align: justify;\">The conference <strong>Inventing Europe in Modern History on Philosophy<\/strong> aims to study the strategies of demarcation implemented in the 18th and 19th centuries by historians of philosophy in order to create the allegedly <em>philosophical<\/em> culture of modern Europe, as well as national philosophies. From within the philosophical historiography, it investigates the cultural narratives that intended to establish the supremacy of Western culture above all others, as well as their effects on cultures that have been excluded from European rationality.<\/p>\n<hr \/>\n<h4 style=\"text-align: justify;\"><strong><span style=\"color: #ff6600;\">April 28-30, 2016 \u01c0 <a href=\"https:\/\/www.memophi.uni-freiburg.de\/Conferences\/copy_of_wp1\" target=\"_blank\">International Conference<\/a> \u01c0 Freiburg University<\/span><\/strong><\/h4>\n<h6 style=\"text-align: justify;\"><a href=\"https:\/\/www.memophi.uni-freiburg.de\/Conferences\/copy_of_wp1\" target=\"_blank\"><strong><span style=\"color: #003366;\">\u201cOutsiders\u201d and \u201cForerunners\u201d: Modern Reason and Historiographical Births of Medieval Philosophy <\/span><\/strong><\/a><\/h6>\n<p style=\"text-align: justify;\">The conference, \u201cOutsiders\u201d and \u201cForerunners\u201d: Modern Reason and Historiographical Births of Medieval Philosophy is scheduled to take place from April 28-30, 2016, at Freiburg University. This event is the first of two international conferences organized by the Medieval Philosophy in Modern History of Philosophy (MEMOPHI) Research Group, a project sponsored by the European Research Council (ERC).<\/p>\n<p style=\"text-align: justify;\">The focus of the conference is on the emergence and development of philosophical historiography as a university discipline, which took place in the 18<sup>th<\/sup> and 19<sup>th<\/sup> centuries. During that period, historians of philosophy sought to create a historical legitimation of modern reason by way of tracing its origins back to the Middle Ages. They evaluated medieval philosophical theories through the lenses of present-day leitmotifs and assigned to medieval thinkers positions within an imaginary map of cultural identities based on the juxtaposition between \u201cSelf\u201d and \u201cOther\u201d. Categories such as \u201cmethod\u201d, \u201cGeist\u201d (\u201cspirit\u201d), \u201cmysticism\u201d, \u201catheism\u201d and \u201cpantheism\u201d are examples of eighteenth- and nineteenth-century leitmotifs, which served as guidelines in the exploration and appropriation of the philosophical past. In the process of the historical elaboration of these categories, philosophical historiography saw medieval thinkers as prefigurations of modern reason. Some of them were regarded as \u201cforerunners\u201d that had constructively paved the way for modern rationality; whereas others, viewed as \u201coutsiders\u201d, had contributed to the same effect by way of their struggle against \u201cthe dominance of scholastic philosophy\u201d. In some cases, a particular medieval thinker was labeled both as a \u201cforerunner\u201d and as an \u201coutsider\u201d.<\/p>\n<p style=\"text-align: justify;\">Participants are expected to explore the \u201cfate\u201d of a particular philosopher as portrayed in the writings on the history of philosophy from the 18<sup>th<\/sup>-19<sup>th<\/sup> century, and to evaluate her\/his role in the narrative of the origins of modern reason in the Middle Ages. The proceedings of the conference will be published in the format of a book. The deadline for the submission of the individual papers is November 30, 2016.<\/p>\n<hr \/>\n<h4 style=\"text-align: justify;\"><span style=\"color: #ff6600;\"><strong>Next MEMOPHI workshop: <a href=\"https:\/\/www.memophi.uni-freiburg.de\/Workshops\" target=\"_blank\">click here<\/a><br \/>\n<\/strong><\/span><\/h4>\n<p style=\"text-align: justify;\">MEMOPHI organizes workshops. Each semester specialists in the field of philosophical historiography and reception history are invited to present new approaches and methodological tools as well as the results of their own research.<\/p>\n<hr \/>\n<h4><span style=\"color: #ff6600;\"><strong><a style=\"color: #ff6600;\" href=\"https:\/\/www.memophi.uni-freiburg.de\/dateien\/bilder\/poster-memophi-vortrag-flasch.pdf\" target=\"_blank\">Next MEMOPHI invited talk<\/a><\/strong><\/span><\/h4>\n<h6 style=\"text-align: justify;\"><strong><span style=\"color: #000080;\">Prof. Dr. Kurt Flasch (Bochum): Zur Genesis der Blumenbergschen Welt<br \/>\n<\/span><\/strong><\/h6>\n<p style=\"text-align: justify;\"><strong>January 29, 2016, 18.15 pm, <\/strong>Albert-Ludwigs-Universit\u00e4t Freiburg, Platz der Universit\u00e4t 3, <strong>KG I, HS 1098<\/strong><\/p>\n<p>\u201eBlumenberg hat sich gr\u00fcndlich mit der Philosophie des Mittelalters befa\u00dft. Der Vortrag skizziert die Weiterentwicklung seiner Arbeit von 1946 bis 1966, also bis zur Legitimit\u00e4t der Neuzeit, aus freundschaftlich-ktitischer Distanz. Ich erz\u00e4hle am Ende von einer langen Unterhaltung mit Blumenberg \u00fcber die Entstehung seiner Ideen.\u201c [Text: Kurt Flasch]<\/p>\n<hr \/>\n<p><a href=\"http:\/\/kataracte.ch\/ckp\/wp-content\/uploads\/2014\/01\/erc_banner-horizontal.jpg\"><img loading=\"lazy\" class=\"alignnone size-medium wp-image-114\" src=\"http:\/\/kataracte.ch\/ckp\/wp-content\/uploads\/2014\/01\/erc_banner-horizontal-300x106.jpg\" alt=\"erc_banner-horizontal\" width=\"300\" height=\"106\" srcset=\"https:\/\/kataracte.ch\/ckp\/wp-content\/uploads\/2014\/01\/erc_banner-horizontal-300x106.jpg 300w, https:\/\/kataracte.ch\/ckp\/wp-content\/uploads\/2014\/01\/erc_banner-horizontal.jpg 351w\" sizes=\"(max-width: 300px) 100vw, 300px\" \/><\/a><\/p>\n","protected":false},"excerpt":{"rendered":"<p>October 26-28, 2017 \u01c0 International Conference \u01c0 Freiburg University Inventing Europe in Modern History of Philosophy From the 18th century onward European civilization has been characterized by a philosophical mind&hellip; <\/p>\n","protected":false},"author":1,"featured_media":0,"parent":101,"menu_order":0,"comment_status":"closed","ping_status":"open","template":"","meta":[],"_links":{"self":[{"href":"https:\/\/kataracte.ch\/ckp\/wp-json\/wp\/v2\/pages\/169"}],"collection":[{"href":"https:\/\/kataracte.ch\/ckp\/wp-json\/wp\/v2\/pages"}],"about":[{"href":"https:\/\/kataracte.ch\/ckp\/wp-json\/wp\/v2\/types\/page"}],"author":[{"embeddable":true,"href":"https:\/\/kataracte.ch\/ckp\/wp-json\/wp\/v2\/users\/1"}],"replies":[{"embeddable":true,"href":"https:\/\/kataracte.ch\/ckp\/wp-json\/wp\/v2\/comments?post=169"}],"version-history":[{"count":59,"href":"https:\/\/kataracte.ch\/ckp\/wp-json\/wp\/v2\/pages\/169\/revisions"}],"predecessor-version":[{"id":386,"href":"https:\/\/kataracte.ch\/ckp\/wp-json\/wp\/v2\/pages\/169\/revisions\/386"}],"up":[{"embeddable":true,"href":"https:\/\/kataracte.ch\/ckp\/wp-json\/wp\/v2\/pages\/101"}],"wp:attachment":[{"href":"https:\/\/kataracte.ch\/ckp\/wp-json\/wp\/v2\/media?parent=169"}],"curies":[{"name":"wp","href":"https:\/\/api.w.org\/{rel}","templated":true}]}}