{"id":164,"date":"2014-07-27T08:34:46","date_gmt":"2014-07-27T07:34:46","guid":{"rendered":"http:\/\/kataracte.ch\/ckp\/?page_id=164"},"modified":"2019-09-06T15:30:51","modified_gmt":"2019-09-06T14:30:51","slug":"publications","status":"publish","type":"page","link":"https:\/\/kataracte.ch\/ckp\/memophi-2\/publications\/","title":{"rendered":"PUBLICATIONS"},"content":{"rendered":"<h2><span style=\"color: #003366;\">MEMOPHI Publications<\/span><\/h2>\n<h2><strong>2019<\/strong><\/h2>\n<p><strong><span style=\"color: #666699;\">MONOGRAPH<\/span>: C. K\u00f6nig-Pralong, <em>La colonie philosophique. \u00c9crire l&#8217;histoire de la philosophie aux XVIII<sup>e<\/sup>-XIX<sup>e<\/sup> si\u00e8cles<\/em>, Paris, \u00c9ditions de l\u2019EHESS, 2019.<\/strong><\/p>\n<p><strong><span style=\"color: #666699;\">MONOGRAPH<\/span>: C. K\u00f6nig-Pralong, M. Meliad\u00f2, Z. Radeva\u00a0(eds.),\u00a0<i>The Territories of Philosophy in Modern Historiography<\/i>, Turnhout\/Bari, Brepols\/Pagina, forthcoming 2019 [Ad argumenta. Quaestio Special Issues 1].<\/strong><\/p>\n<p>C. K\u00f6nig-Pralong, M. Meliad\u00f2, Z. Radeva, &#8220;Preface&#8221;, in:\u00a0C. K\u00f6nig-Pralong, M. Meliad\u00f2, Z. Radeva\u00a0(eds.),\u00a0<i>The Territories of Philosophy in Modern Historiography<\/i>, Turnhout\/Bari, Brepols\/Pagina, forthcoming 2019, pp. 7\u201316.<\/p>\n<p>C. K\u00f6nig-Pralong, &#8220;How Historians of Philosophy Invented Europe&#8217;s Philosophical Nature?&#8221;, in:\u00a0C. K\u00f6nig-Pralong, M. Meliad\u00f2, Z. Radeva\u00a0(eds.),\u00a0<i>The Territories of Philosophy in Modern Historiography<\/i>, Turnhout\/Bari, Brepols\/Pagina, forthcoming 2019, pp. 19\u201338.<\/p>\n<p>M. Meliad\u00f2, &#8220;G\u00e9opolitique de la Raison. Sur la pratique de l&#8217;histoire de la philosophie \u00e0 l&#8217;\u00e9cole de Victor Cousin&#8221;, in:\u00a0C. K\u00f6nig-Pralong, M. Meliad\u00f2, Z. Radeva\u00a0(eds.),\u00a0<i>The Territories of Philosophy in Modern Historiography<\/i>, Turnhout\/Bari, Brepols\/Pagina, forthcoming 2019, pp. 169\u2013186.<\/p>\n<p>Z. Radeva, &#8220;At the Origins of a Tenacious Narrative. Jacob Thomasius and the History of Double Truth&#8221;, in:\u00a0<em>Intellectual History Review<\/em>, forthcoming, DOI\u00a010.1080\/17496977.2018.1521626.<\/p>\n<p>C. K\u00f6nig-Pralong, \u00abLa philosophie arabe dans la m\u00e9di\u00e9vistique des XVIIIe et XIXe si\u00e8cles\u00bb, in J.-B. Brenet, O.L. Lizzini (\u00e9ds), <em>La philosophie arabe \u00e0 l&#8217;\u00e9tude. Studying Arabic Philosophy<\/em>, Paris, Vrin, 2019, p. 47-64.<\/p>\n<h2><strong>2018<\/strong><\/h2>\n<p><strong><span style=\"color: #666699;\"><a style=\"color: #666699;\" href=\"http:\/\/www.brepols.net\/Pages\/ShowProduct.aspx?prod_id=IS-9782503579122-1\" target=\"_blank\" rel=\"noopener\">MONOGRAPH<\/a><\/span>: C. K\u00f6nig-Pralong, M. Meliad\u00f2, Z. Radeva (eds), <em>&#8216;Outsiders&#8217; and &#8216;Forerunners&#8217;. Modern Reason and Historiographical Births of Medieval Philosophy<\/em>, Turnhout, Brepols, 2018, 434 p.<\/strong><\/p>\n<p><strong><span style=\"color: #666699;\">MONOGRAPH<\/span>: M. Meliad\u00f2, S. Negri (eds), Praxis des Philosophierens, Praktiken der Historiographie. Perspektiven von der Sp\u00e4tantike bis zur Moderne, Freiburg im Br., Karl Alber, 2018, 312 p.<\/strong><\/p>\n<p>C. K\u00f6nig-Pralong, \u00ab La philosophie de Dante dans l&#8217;ombre de la\u00a0<em>Com\u00e9die<\/em>: de Brucker \u00e0 Witte \u00bb, in M. Forlivesi, Mario Longo, Giuseppe Micheli (a cura di), <em>La filosofia e la sua storia. Studi in onore di Gregorio Piaia<\/em>, Padova, CLEUP, <strong>2018<\/strong>, t. 2, p. 15-28.<\/p>\n<p>C. K\u00f6nig-Pralong, &#8220;Introduction. Individuals in the History of Philosophy&#8221;, in:\u00a0C. K\u00f6nig-Pralong, M. Meliad\u00f2, Z. Radeva\u00a0(eds.),\u00a0<i>&#8216;Outsiders&#8217; and &#8216;Forerunners&#8217;. Modern Reason and Historiographical Births of Medieval Philosophy<\/i>, Turnhout, Brepols, <strong>2018<\/strong>, p. 9\u201326.<\/p>\n<p>M. Meliad\u00f2, &#8220;The Cusanian School: Charles de Bovelles, Giordano Bruno and the Fortune of a Modern Historiographical Narrative&#8221;, in:\u00a0C. K\u00f6nig-Pralong, M. Meliad\u00f2, Z. Radeva\u00a0(eds.),\u00a0<i>&#8216;Outsiders&#8217; and &#8216;Forerunners&#8217;. Modern Reason and Historiographical Births of Medieval Philosophy<\/i>, Turnhout, Brepols, <strong>2018<\/strong>, p. 329\u2013356.<\/p>\n<p>M. Meliad\u00f2, &#8220;<em>Scholastica sive pseudophilosophia<\/em>. Heumann, Brucker und die historiographische Konstruktion der Scholastik in der Fr\u00fchaufkl\u00e4rung&#8221;, in: A. Speer, M. Mauri\u00e8ge\u00a0(eds.),\u00a0<i>Irrtum \u2014 Error \u2014 Erreur<\/i>, Berlin\/Boston, De Gruyter, <strong>2018<\/strong> [Miscellanea Mediaevalia 40], pp. 759\u2013782.<\/p>\n<p>M. Meliad\u00f2, &#8220;Rappresentazione della scolastica e apologia dell&#8217;ignoranza. Una postilla al <em>De vanitate<\/em> di Cornelio Agrippa&#8221;, in:\u00a0C. Panti, N. Polloni\u00a0(eds.),\u00a0<i>Vedere nell&#8217;ombra. Studi su natura, spiritualit\u00e0 e scienze operative offerti a Michela Pereira<\/i>, Firenze, SISMEL, <strong>2018<\/strong>, p. 343\u2013360.<\/p>\n<p>Z. Radeva, &#8220;Andrea Cesalpino: <em>genuinus Peripateticus, Spinozista ante Spinozam<\/em>. Die Geburt einer Figur mit Doppelidentit\u00e4t in Pierre Bayles <em>Dictionnaire historique et critique<\/em>&#8220;, in:\u00a0C. K\u00f6nig-Pralong, M. Meliad\u00f2, Z. Radeva\u00a0(eds.),\u00a0<i>&#8216;Outsiders&#8217; and &#8216;Forerunners&#8217;. Modern Reason and Historiographical Births of Medieval Philosophy<\/i>, Turnhout, Brepols, <strong>2018<\/strong>, p. 395\u2013433<\/p>\n<h2><strong>2017<\/strong><\/h2>\n<p>C. K\u00f6nig-Pralong, \u00ab Alterit\u00e4t, fremde N\u00e4he und Hybridisierung. Die Araber in der Philosophiegeschichte um 1800 \u00bb, in R. Elberfeld (Hg.), <em>Philosophiegeschichtsschreibung in globaler Perspektive. Deutsches Jahrbuch Philosophie<\/em>, 9, <strong>2017<\/strong>, p. 231-252.<\/p>\n<p>C. K\u00f6nig-Pralong, \u00ab Entangled Philosophical Ideologies.\u00a0The Language of Reason: From Modern French to Scholastic Latin \u00bb, in U. Zahnd (ed.), <em>Language and Method, <\/em>Freiburg, Rombach, <strong>2017<\/strong>, p. 337-355.<\/p>\n<p>C. K\u00f6nig-Pralong, \u00ab La raison philosophique moderne et ses historiens (XVIII<sup>e<\/sup>-XIX<sup>e<\/sup> si\u00e8cle) \u00bb,\u00a0 <strong><em>Studia philosophica<\/em><\/strong>, 76,<strong> 2017<\/strong>, p. 19-36.<\/p>\n<p>C. K\u00f6nig-Pralong, \u00ab L&#8217;histoire de la philosophie appartient-elle au champ des sciences humaines et sociales? \u00bb,\u00a0 <strong><em>Revue d&#8217;histoire des sciences humaines<\/em><\/strong>, 30, 2017, p. 49-70.<\/p>\n<p>M. Meliad\u00f2, \u00ab Cusanus, die Neuscholastik und die historiographische Repr\u00e4sentation des modernen Epochenanbruchs \u00bb,\u00a0<strong><i>Archiv f\u00fcr Kulturgeschichte<\/i><\/strong>\u00a099\/1 (2017), pp. 115\u2013156.<\/p>\n<p>M. Meliad\u00f2, \u00ab Il &#8216;morosofo&#8217; e la rappresentazione dei filosofi. Percorsi e vicende storiografiche del Rinacimento \u00bb,\u00a0<strong><i>Giornale critico della filosofia italiana<\/i><\/strong>\u00a096\/1 (2017), pp. 181\u2013183 (review of G. Piaia, <em>Sapienza e follia. Per una storia intellettuale del Rinascimento europeo<\/em>, Pisa, Edizioni della Normale, 2015).<\/p>\n<p>M. Meliad\u00f2, \u00ab Die Verwandlungen der Methode: Victor Cousin und die\u00a0scholastische Genealogie der cartesischen Vernunft \u00bb, in U. Zahnd (ed.), <em>Language and Method, <\/em>Freiburg, Rombach, <strong>2017<\/strong>, p. 309.336.<\/p>\n<p>Z. Radeva, \u00ab \u00bbQuo pacto ex philosophis interpretes Aristotelis facti sunt?\u00ab Die genuinen Peripatetiker der Fr\u00fchen Neuzeit in Jacob Bruckers Historia critica philosophiae \u00bb, in U. Zahnd (ed.), <em>Language and Method, <\/em>Freiburg, Rombach, <strong>2017<\/strong>, p. 281-308.<\/p>\n<p>Z. Radeva, \u00ab From Reconstruction to Reformation. Jacob Thomasius&#8217;s Use of Aristotle in the Debate on the Origin of the Human Soul\u00bb, <em><strong>Recherches de Th\u00e9ologie et Philosophie M\u00e9di\u00e9vales<\/strong>,<\/em> 84\/2, 2017, pp. 427\u2013463.<\/p>\n<h2><strong>2016<\/strong><\/h2>\n<p style=\"text-align: justify;\"><strong><span style=\"color: #666699;\"><a style=\"color: #666699;\" href=\"http:\/\/www.vrin.fr\/book.php?code=9782711626793\" target=\"_blank\" rel=\"noopener\">MONOGRAPH<\/a>:<\/span> C. K\u00f6nig-Pralong, <em>M\u00e9di\u00e9visme philosophique et raison moderne. De Pierre Bayle \u00e0 Ernest Renan<\/em>, Paris, Vrin, 2016.<\/strong><\/p>\n<p style=\"text-align: justify;\">C. K\u00f6nig-Pralong, \u00ab Rhetorik gegen Spekulation.\u00a0Ein Antagonismus der scholastischen Bildungsgeschichte \u00bb, in A. Speer, Th. Jeschke, <strong><em>Sch\u00fcler und Meister<\/em><\/strong>, Berlin, De Gruyter, 2016, p. 45-58.<\/p>\n<h2><strong>2015<\/strong><\/h2>\n<p style=\"text-align: justify;\">C. K\u00f6nig-Pralong, \u00ab\u00a0L\u2019histoire m\u00e9di\u00e9vale de la raison philosophique moderne\u00a0\u00bb, <strong><em>Annales HSS<\/em><\/strong>, 2015\/3, p. 667-711. <a href=\"https:\/\/freidok.uni-freiburg.de\/data\/11281\" target=\"_blank\" rel=\"noopener\"><strong>PDF<\/strong><\/a><\/p>\n<h2><strong>2014<\/strong><\/h2>\n<p style=\"text-align: justify;\">C. K\u00f6nig-Pralong, \u00ab\u00a0Le volontarisme scotiste. Constitutions et usages d\u2019une c\u00e9sure historique \u00e0 l\u2019\u00e2ge moderne\u00a0\u00bb, <strong><em>Recherches de Th\u00e9ologie et Philosophie m\u00e9di\u00e9vales<\/em><\/strong>, 81, 2014, p. 181-208. <strong><a href=\"http:\/\/poj.peeters-leuven.be\/content.php?url=article&amp;id=3030626&amp;journal_code=RTPM\" target=\"_blank\" rel=\"noopener\">PDF<\/a><\/strong><\/p>\n<p>&nbsp;<\/p>\n<h2><span style=\"color: #003366;\">Related Publications<\/span><\/h2>\n<h2><strong>2012<\/strong><\/h2>\n<p style=\"text-align: justify;\">C. K\u00f6nig-Pralong, \u00ab\u00a0D\u00e9couverte et colonisation fran\u00e7aises de la philosophie m\u00e9di\u00e9vale (1730-1850)\u00a0\u00bb, <strong><em>Revue des sciences philosophiques et th\u00e9ologiques<\/em><\/strong>, 96\/4, 2012, p. 663-701. <a href=\"http:\/\/www.cairn.info\/revue-des-sciences-philosophiques-et-theologiques.htm\"><strong>online CAIRN<\/strong><\/a><\/p>\n<h2><strong>2009<\/strong><\/h2>\n<p style=\"text-align: justify;\">C. K\u00f6nig-Pralong, \u00ab\u00a0L\u2019histoire de la philosophie m\u00e9di\u00e9vale depuis 1950\u00a0: m\u00e9thodes, textes, d\u00e9bats\u00a0\u00bb, <strong><em>Annales HSS<\/em><\/strong><em>, <\/em>64, 2009, p. 143-169. <a href=\"http:\/\/www.cairn.info\/revue-annales-2009-1.htm\"><strong>online CAIRN<\/strong><\/a><\/p>\n<p>&nbsp;<\/p>\n<p><a href=\"http:\/\/kataracte.ch\/ckp\/wp-content\/uploads\/2014\/01\/erc_banner-horizontal.jpg\"><img loading=\"lazy\" class=\"alignnone size-medium wp-image-114\" src=\"http:\/\/kataracte.ch\/ckp\/wp-content\/uploads\/2014\/01\/erc_banner-horizontal-300x106.jpg\" alt=\"erc_banner-horizontal\" width=\"300\" height=\"106\" srcset=\"https:\/\/kataracte.ch\/ckp\/wp-content\/uploads\/2014\/01\/erc_banner-horizontal-300x106.jpg 300w, https:\/\/kataracte.ch\/ckp\/wp-content\/uploads\/2014\/01\/erc_banner-horizontal.jpg 351w\" sizes=\"(max-width: 300px) 100vw, 300px\" \/><\/a><\/p>\n","protected":false},"excerpt":{"rendered":"<p>MEMOPHI Publications 2019 MONOGRAPH: C. K\u00f6nig-Pralong, La colonie philosophique. \u00c9crire l&#8217;histoire de la philosophie aux XVIIIe-XIXe si\u00e8cles, Paris, \u00c9ditions de l\u2019EHESS, 2019. MONOGRAPH: C. K\u00f6nig-Pralong, M. Meliad\u00f2, Z. Radeva\u00a0(eds.),\u00a0The Territories&hellip; <\/p>\n","protected":false},"author":1,"featured_media":0,"parent":101,"menu_order":0,"comment_status":"closed","ping_status":"open","template":"","meta":[],"_links":{"self":[{"href":"https:\/\/kataracte.ch\/ckp\/wp-json\/wp\/v2\/pages\/164"}],"collection":[{"href":"https:\/\/kataracte.ch\/ckp\/wp-json\/wp\/v2\/pages"}],"about":[{"href":"https:\/\/kataracte.ch\/ckp\/wp-json\/wp\/v2\/types\/page"}],"author":[{"embeddable":true,"href":"https:\/\/kataracte.ch\/ckp\/wp-json\/wp\/v2\/users\/1"}],"replies":[{"embeddable":true,"href":"https:\/\/kataracte.ch\/ckp\/wp-json\/wp\/v2\/comments?post=164"}],"version-history":[{"count":31,"href":"https:\/\/kataracte.ch\/ckp\/wp-json\/wp\/v2\/pages\/164\/revisions"}],"predecessor-version":[{"id":551,"href":"https:\/\/kataracte.ch\/ckp\/wp-json\/wp\/v2\/pages\/164\/revisions\/551"}],"up":[{"embeddable":true,"href":"https:\/\/kataracte.ch\/ckp\/wp-json\/wp\/v2\/pages\/101"}],"wp:attachment":[{"href":"https:\/\/kataracte.ch\/ckp\/wp-json\/wp\/v2\/media?parent=164"}],"curies":[{"name":"wp","href":"https:\/\/api.w.org\/{rel}","templated":true}]}}