{"id":14,"date":"2014-01-19T11:00:07","date_gmt":"2014-01-19T10:00:07","guid":{"rendered":"http:\/\/kataracte.ch\/ckp\/?page_id=14"},"modified":"2025-10-30T18:22:48","modified_gmt":"2025-10-30T17:22:48","slug":"cv-2","status":"publish","type":"page","link":"https:\/\/kataracte.ch\/ckp\/cv-2\/","title":{"rendered":"cv"},"content":{"rendered":"<h5><span style=\"color: #003300;\"><b>Education<\/b><\/span><\/h5>\n<p style=\"text-align: justify;\"><b>1995 | <\/b>Master of Arts (Philosophy, Latin, French Literature) | University of Lausanne<\/p>\n<p style=\"text-align: justify;\"><b>2003 | <\/b><strong>PhD<\/strong> (Philosophy) | University of Lausanne<\/p>\n<p style=\"text-align: justify;\"><b>2007 | <\/b>Qualification as a \u2018Ma\u00eetre de conf\u00e9rences\u2019 | Conseil National des Universit\u00e9s (France)<\/p>\n<p style=\"text-align: justify;\"><b>2010 | <\/b><strong>Habilitation<\/strong> (History of Philosophy) | University of Fribourg (Switzerland)<\/p>\n<p style=\"text-align: justify;\"><b>2012 | <\/b>Qualification as a \u2018Professeur des universit\u00e9s\u2019 in Philosophy | Conseil National des Universit\u00e9s, Section 17 (France)<\/p>\n<p style=\"text-align: justify;\"><b>2017 | <\/b>Qualifications as a \u2018Professeur des universit\u00e9s\u2019 in Philosophy and History | Conseil National des Universit\u00e9s, Sections 17 and 21 (France)<\/p>\n<hr \/>\n<h5 style=\"text-align: justify;\"><b><span style=\"color: #003300;\">Professional Experience\u00a0 <\/span><br \/>\n<\/b><\/h5>\n<p style=\"text-align: justify;\"><b>1998-2003 | <\/b>PhD assistant (Ancient Philosophy) <b>|<\/b> University of <strong>Lausanne<\/strong><\/p>\n<p style=\"text-align: justify;\"><b>2003-2004 | <\/b>Postdoctoral assistant <b>|<\/b> University of <strong>Lausanne<\/strong><\/p>\n<p style=\"text-align: justify;\"><b>2004-2008 | <\/b>Substitute professor and Junior assistant professor | University of <strong>Lausanne<\/strong> <i><br \/>\n<\/i><\/p>\n<p style=\"text-align: justify;\"><b>2007-2013 | <\/b>Lecturer, Junior assistant professor and privatdocent | University of <strong>Fribourg<\/strong> (Switzerland)<\/p>\n<p style=\"text-align: justify;\"><b>2009-2011 | <\/b>Scientific coordinator and scientific fellow ANR-DFG <b>|<\/b> University <strong>Paris IV<\/strong> Sorbonne<\/p>\n<p style=\"text-align: justify;\"><b>2012 | <\/b>Senior fellow \u2018Research in Paris\u2019 <b>|<\/b> University <strong>Paris IV<\/strong> Sorbonne <i><br \/>\n<\/i><\/p>\n<p style=\"text-align: justify;\"><b>2013-2017 | <\/b>Substitute Professor. Vertretung der Professur (W3) f\u00fcr antike und mittelalterliche Philosophie | Albert-Ludwigs-Universit\u00e4t <strong>Freiburg im Breisgau<\/strong><\/p>\n<p style=\"text-align: justify;\"><b>2014 | <\/b>Holder of the Chair &#8220;Pierre Ab\u00e9lard&#8221; at the University <strong>Paris IV Sorbonne<\/strong><\/p>\n<p><strong>2018 (March) <b>|<\/b><\/strong> Visiting scholar at the <strong>EHESS Paris<\/strong><\/p>\n<p style=\"text-align: justify;\"><b>2014-2019 | <\/b>Principal Investigator of the ERC-Co-Grant Project <a href=\"https:\/\/www.memophi.uni-freiburg.de\/\" target=\"_blank\" rel=\"noopener\">MEMOPHI <\/a>at the Albert-Ludwigs-Universit\u00e4t <strong>Freiburg im Breisgau<\/strong><\/p>\n<p><b>Since September 2019 | <\/b><strong>Full professor (Directrice d&#8217;\u00e9tudes) at the EHESS<\/strong> Paris. Full member of the Centre Alexandre Koyr\u00e9, CAK (UMR 8560\/EHESS\/CNRS\/MNHN). Associate member of the Centre de recherches historiques, CRH (UMR 8558).<\/p>\n<p style=\"padding-left: 30px;\">2020-2024 | Together with Charlotte Bigg and Antonella Romano, head of the Master program module &#8220;Histoire des sciences, des Techniques et des Savoirs&#8221; (EHESS).<\/p>\n<p style=\"padding-left: 30px;\">2020-2024 | In charge of the EHESS doctoral program &#8220;Droit, \u00c9tudes politiques, Philosophie&#8221;, together with Marc Aymes.<\/p>\n<p><b>2024 | <\/b>Associate publishing director of the \u00c9ditions de l&#8217;EHESS.<\/p>\n<p><b>Since January 2025| <\/b>Publishing director of the \u00c9ditions de l&#8217;EHESS.<\/p>\n<hr \/>\n<h5 style=\"text-align: justify;\"><span style=\"color: #ff0000;\"><strong><span style=\"color: #003300;\">Funding ID and Participation in Research Projects<\/span><br \/>\n<\/strong><\/span><\/h5>\n<p style=\"text-align: justify;\"><b>1998-2001 | <\/b>PhD Fellowship <b>| <\/b><strong>SNF<\/strong> <b>|<\/b> University of Lausanne | <i>Political Platonism <\/i>[dir. A. Neschke]<\/p>\n<p style=\"text-align: justify;\"><b>2001-2003 | <\/b>PhD Fellowship <b>| <\/b><strong>SNF<\/strong> (Swiss National Science Foundation) <b>|<\/b> University of Lausanne | <i>Categories and Categorizations in the Social Sciences and Humanities <\/i>[dir. A. Neschke]<\/p>\n<p style=\"text-align: justify;\"><b>2005-2007 | <\/b>Postdoctoral Fellowship <b>| <\/b>Research and teaching<b> <\/b>program<b> <\/b><strong>IRIS 4.2<\/strong> (Int\u00e9gration, R\u00e9gulation et Innovation Sociale) <b>|<\/b> University of Lausanne | <i>Writing and Reading Philosophy in the West <\/i>[A. Neschke \u2013 F. Gregorio \u2013 C. K\u00f6nig-Pralong]<\/p>\n<p style=\"text-align: justify;\"><b>2007-2012 | <\/b>Membership <b>| <\/b>International research team<b> <\/b><strong>\u2018Raisons et rationalit\u00e9s\u2019<\/strong> <b>|<\/b> University of Lausanne | <i>Epistemologies of the Social Sciences and Humanities<\/i><\/p>\n<p style=\"text-align: justify;\"><b>Since 2007 | <\/b>Membership <b>| <\/b><strong>GAS<\/strong> (<a href=\"http:\/\/gas.ehess.fr\/\" target=\"_blank\" rel=\"noopener\">Groupe d\u2019Anthropologie Scolastique<\/a>) \u2013 GAHOM (Groupe d\u2019Anthropologie Historique de l\u2019Occident M\u00e9di\u00e9val) <b>|<\/b> EHESS Paris |\u00a0<i> <\/i>[dir. A. Boureau]<\/p>\n<p style=\"text-align: justify;\"><b>2009-2012 | <\/b>Membership 15% <b>| <\/b><strong>MISHA<\/strong> (Maison des Sciences de l\u2019Homme \u2013 Alsace)<b> |<\/b> University of Strasbourg | <a href=\"http:\/\/autorite-magistere.misha.fr\/accueil.htm\" target=\"_blank\" rel=\"noopener\"><i>Authority and Magisterium in Medieval Thought <\/i><\/a>[dir. I. Iribarren \u2013 M.J.F.M. Hoenen]<\/p>\n<p style=\"text-align: justify;\"><b>2009-2011 | <\/b>Scientific coordination and fellowship 50% <b>|<\/b> <strong>ANR<\/strong> (Agence Nationale de la Recherche France)-DFG (Deutsche Forschungsgemeinschaft) <b>|<\/b> Paris IV Sorbonne \u2013 Albert-Ludwigs-Universit\u00e4t Freiburg | <a href=\"http:\/\/thom.hypotheses.org\/\" target=\"_blank\" rel=\"noopener\"><i>Thomism and Anti-thomism in the Middle Ages <\/i><\/a>[dir. M.J.F.M. Hoenen \u2013 R. Imbach \u2013 C. K\u00f6nig-Pralong]<\/p>\n<p style=\"text-align: justify;\"><b>2012 | <\/b>Senior fellowship (6 months: 01.01.2012-30.06.2012) <b>|<\/b> Scientific Council of the \u2018Mairie de Paris\u2019 (<strong>Research Foundation \u2018Research in Paris\u2019<\/strong>) <b>|<\/b> Paris IV Sorbonne<i> <\/i>| Principal Investigator<\/p>\n<p style=\"text-align: justify;\"><strong>2013 <b>| <\/b><\/strong>Fellowship (12 months) | <strong>Kulturwissenschaftliches Kolleg Konstanz<\/strong> | Principal Investigator (declined)<\/p>\n<p style=\"text-align: justify;\"><b>2016-2017 |\u00a0<\/b><a href=\"https:\/\/www.frias.uni-freiburg.de\/de\/foerderprogramme\/frias-projektgruppen\/cometh-conceptions-of-medieval-thought\" target=\"_blank\" rel=\"noopener\">COMETH (<em>Conceptions of Medieval Thought<\/em>)<\/a> <b>| <\/b><strong>FRIAS Project Group 2016-17<\/strong> <b>| <\/b>Freiburg Institute for Advanced Studies <b>|<\/b> Co-Principal Investigator with Nadja Germann (Freiburg), Isabel Iribarren (Strasbourg), Gianluca Briguglia (Strasbourg) and Ueli Zahnd (Basel)<\/p>\n<p style=\"text-align: justify;\"><b>2014-2019 <\/b><strong>| <a href=\"https:\/\/www.memophi.uni-freiburg.de\/\" target=\"_blank\" rel=\"noopener\">MEMOPHI (<i>Medieval Philosophy in Modern History of Philosophy<\/i>)<\/a> | European Research Council | ERC Consolidator Grant 2013 | Principal Investigator<\/strong><\/p>\n<hr \/>\n<h5 style=\"text-align: justify;\"><span style=\"color: #003300;\"><b>Awards<\/b><\/span><\/h5>\n<p style=\"text-align: justify;\"><b>1995 | <\/b><i>Prix du docteur \u00c9mile Duboux<\/i>, Faculty of Arts prize | University of Lausanne<\/p>\n<p style=\"text-align: justify;\"><b>2004 | <\/b><i>Prix de philosophie William Rivier<\/i>, University prize with the mention \u00ab\u00a0Laur\u00e9ate de l\u2019Universit\u00e9\u00a0\u00bb (Dies academicus 2004\/5) | University of Lausanne<\/p>\n<hr \/>\n<h5 style=\"text-align: justify;\"><span style=\"color: #ff0000;\"><strong><span style=\"color: #003300;\">Organization of International Conferences<\/span><br \/>\n<\/strong><\/span><\/h5>\n<p><strong>September 6-7, 2023 <\/strong><strong>|<\/strong> together with Julie Brumberg-Chaumont | International conference | <em><a href=\"https:\/\/cak.ehess.fr\/evenement\/homo-logicus-v\" target=\"_blank\" rel=\"noopener\">Homo logicus V<\/a> : Social History and the Historical Anthropology of Logic <\/em>| EHESS-CNRS Paris EPHE-Sorbonne<\/p>\n<p><strong>June 29-30, 2023 <\/strong><strong>|<\/strong> together with Andreas Mayer | International conference | <a href=\"https:\/\/cmb.hu-berlin.de\/kalender\/termin\/andreas-mayer-and-catherine-koenig-translating-in-the-human-sciences-a-world-perspective\" target=\"_blank\" rel=\"noopener\"><em>Translating in the Human Sciences: A World Perspective<\/em><\/a>| EHESS-CNRS Centre Marc Bloch Berlin<\/p>\n<p><strong>June 22-23, 2022 <\/strong><strong>|<\/strong> together with Julie Brumberg-Chaumont | International conference | <em><a href=\"http:\/\/koyre.ehess.fr\/index.php?3815\" target=\"_blank\" rel=\"noopener\">Homo logicus IV<\/a>\u00a0: Histoire sociale de la logique et anthropologie historique de la logique <\/em>| EHESS-CNRS Paris EPHE-Sorbonne<\/p>\n<p><strong>November 30-December\u00a0 2, 2017<\/strong> | together with the FRIAS Project Group COMETH | <a href=\"http:\/\/www.frias.uni-freiburg.de\/de\/veranstaltungen\/veranstaltungen-aktuell\/konferenz-philo-fiction\" target=\"_blank\" rel=\"noopener\">PHILO-FICTION<\/a> | University of Freiburg im Br. (DE)<\/p>\n<p style=\"text-align: justify;\"><strong>October 26-28, 2017<\/strong> | MEMOPHI international conference\u00a0| <a href=\"https:\/\/www.memophi.uni-freiburg.de\/Conferences\/wp2\" target=\"_blank\" rel=\"noopener\"><em>Inventing Europe in Modern History of Philosophy<\/em><\/a> | University of Freiburg im Br. (DE)<\/p>\n<p style=\"text-align: justify;\"><strong>April 28-30, 2016<\/strong>\u00a0| MEMOPHI international conference\u00a0| <a href=\"https:\/\/www.memophi.uni-freiburg.de\/Conferences\/copy_of_wp1\" target=\"_blank\" rel=\"noopener\">\u201c<em>Outsiders\u201d and \u201cForerunners\u201d: Modern Reason and Historiographical Births of Medieval Philosophy<\/em><\/a> | University of Freiburg im Br. (DE)<\/p>\n<p style=\"text-align: justify;\"><b>November 9-10, 2011<\/b> | together with T. Suarez-Nani | Doctoral school CUSO |<i>V\u00e9rit\u00e9s probables, scepticisme et autorit\u00e9<\/i>| University of Fribourg (CH)<\/p>\n<p style=\"text-align: justify;\"><b>September 8-9, 2011<\/b> | together with R. Imbach | International conference | <i>Opuscules pseudo-thomistes et probl\u00e9matique accidentelle <\/i>| Paris IV Sorbonne<\/p>\n<p style=\"text-align: justify;\"><b>February 8-9, 2011<\/b>| together with M. Hoenen, R. Imbach and E. Coccia | International conference <i>Thomas d\u2019Aquin et la querelle des universaux <\/i>| Paris IV-Sorbonne<\/p>\n<p style=\"text-align: justify;\"><b>January 28-30, 2010<\/b> | together with M. Hoenen and R. Imbach | International conference | <i>Deutscher Thomismus (13.\/14. <\/i><i>Jahrhundert) <\/i>| University of Freiburg im Br. (DE)<\/p>\n<p style=\"text-align: justify;\"><b>October 24-25, 2008<\/b> | together with T. Suarez-Nani | International conference \u00a0| <i>Pierre de Jean Olivi. Philosophe <\/i><i>et th\u00e9ologien <\/i>| University of Fribourg<\/p>\n<p style=\"text-align: justify;\"><b>April 18-19, 2007<\/b> | together with F. Gregorio and J. Meizoz | Doctoral school | <i>Lire et \u00e9crire en arts et en philosophie <\/i>| University of Lausanne<\/p>\n<p style=\"text-align: justify;\"><b>Mai 3-5, 2001<\/b>| together with A. Neschke and F. Gregorio | International conference | <i>Les herm\u00e9neutiques au seuil du XXIe si\u00e8cle <\/i>| University of Lausanne<\/p>\n<hr \/>\n<h5 style=\"text-align: justify;\"><span style=\"color: #ff0000;\"><b><span style=\"color: #003300;\">Memberships<\/span><br \/>\n<\/b><\/span><\/h5>\n<p><strong>Since 2023 <b>|<\/b><\/strong>Member of the editorial board of <em>Annales, Histoire, Sciences Sociales<\/em><\/p>\n<p><strong>Since 2022<b>| <\/b><\/strong><a href=\"https:\/\/adw-goe.de\/en\/members\/?tx_find_find%5B__referrer%5D%5B%40extension%5D=Find&amp;tx_find_find%5B__referrer%5D%5B%40controller%5D=Search&amp;tx_find_find%5B__referrer%5D%5B%40action%5D=index&amp;tx_find_find%5B__referrer%5D%5Barguments%5D=YToyOntzOjEwOiJjb250cm9sbGVyIjtzOjY6IlNlYXJjaCI7czo1OiJmYWNldCI7YToxOntzOjY6IlN0YXR1cyI7YToxOntpOjA7czoxOiIxIjt9fX0%3Dac0904de6e71b564b5bddda2a64f06ffa065d0a6&amp;tx_find_find%5B__referrer%5D%5B%40request%5D=%7B%22%40extension%22%3A%22Find%22%2C%22%40controller%22%3A%22Search%22%2C%22%40action%22%3A%22index%22%7Da191c3ea4436cf01fca51b5985f59eeefe0305c1&amp;tx_find_find%5B__trustedProperties%5D=%7B%22facet%22%3A%7B%22Status%22%3A%5B1%5D%7D%2C%22q%22%3A%7B%22default%22%3A1%7D%7Dd3c4718e3523014a3993c8f4d4c58931d7b03281&amp;tx_find_find%5Bfacet%5D%5BStatus%5D%5B%5D=0&amp;tx_find_find%5Bq%5D%5Bdefault%5D=K%C3%B6nig#members-paginator-top\" target=\"_blank\" rel=\"noopener\">Corresponding member<\/a> of the G\u00f6ttingen Academy of Sciences and Humanities<\/p>\n<p><strong>Since 2020<b>| <\/b><\/strong>Member of the scientific board of the <em>Grundriss der Geschichte der Philosophie. Ueberweg<\/em><\/p>\n<p><strong>Since 2019<\/strong> <b>| <\/b>Member of the editorial board of <em>Quaestio<\/em><\/p>\n<p style=\"text-align: justify;\"><strong>Since 2016<\/strong> <b>| <\/b>Member of the scientific board of\u00a0<em>Mediaevalia. Textos e estudos<\/em><\/p>\n<p style=\"text-align: justify;\"><b>Since 2014 | <\/b>Member of the <em>Soci\u00e9t\u00e9 thomiste<\/em> | Paris, Commissio leonina<\/p>\n<p style=\"text-align: justify;\"><b>Since 2014 | <\/b>Member of the advisory board of the <em>Recherches de Th\u00e9ologie et Philposophie M\u00e9di\u00e9vales<\/em><\/p>\n<p style=\"text-align: justify;\"><b>2014-2018 | <\/b>Member of the scientific board of <a href=\"http:\/\/cleo.openedition.org\/pilotage\/conseils\" target=\"_blank\" rel=\"noopener\">OpenEdition<\/a><\/p>\n<p style=\"text-align: justify;\"><b>2012-2017 | <\/b>Elected member of the board of the <i>Soci\u00e9t\u00e9 Internationale pour l\u2019\u00c9tude de la Philosophie M\u00e9di\u00e9vale <\/i>(<a href=\"http:\/\/www.siepm.uni-freiburg.de\/\" target=\"_blank\" rel=\"noopener\">SIEPM<\/a>)<\/p>\n<p style=\"text-align: justify;\"><b>2011-2013 | <\/b>Member of the Editorial board of the <i>Revue de th\u00e9ologie et de philosophie<\/i><\/p>\n<p style=\"text-align: justify;\"><b>2009-2013 | <\/b>Member of the <i>Commission de la Biblioth\u00e8que d\u2019Historie de l\u2019Art et de Philosophie <\/i><b>| <\/b>University of Fribourg (CH)<\/p>\n<p style=\"text-align: justify;\"><b>2007-2011 | <\/b>Member of the scientific board of the <i>Revue de th\u00e9ologie et de philosophie<\/i><\/p>\n<p style=\"text-align: justify;\"><b>2007-2013 | <\/b>Member of the <i>Institut d\u2019\u00c9tudes M\u00e9di\u00e9vales<\/i> <b>| <\/b>University of Fribourg (CH)<\/p>\n<p style=\"text-align: justify;\"><b>2006-2008 | <\/b>Member of the COFELEC (<i>Commission pour la formation des enseignants en langues et cultures<\/i>) <b>| <\/b>University of Lausanne<\/p>\n","protected":false},"excerpt":{"rendered":"<p>Education 1995 | Master of Arts (Philosophy, Latin, French Literature) | University of Lausanne 2003 | PhD (Philosophy) | University of Lausanne 2007 | Qualification as a \u2018Ma\u00eetre de conf\u00e9rences\u2019&hellip; <\/p>\n","protected":false},"author":1,"featured_media":0,"parent":0,"menu_order":3,"comment_status":"closed","ping_status":"closed","template":"","meta":[],"_links":{"self":[{"href":"https:\/\/kataracte.ch\/ckp\/wp-json\/wp\/v2\/pages\/14"}],"collection":[{"href":"https:\/\/kataracte.ch\/ckp\/wp-json\/wp\/v2\/pages"}],"about":[{"href":"https:\/\/kataracte.ch\/ckp\/wp-json\/wp\/v2\/types\/page"}],"author":[{"embeddable":true,"href":"https:\/\/kataracte.ch\/ckp\/wp-json\/wp\/v2\/users\/1"}],"replies":[{"embeddable":true,"href":"https:\/\/kataracte.ch\/ckp\/wp-json\/wp\/v2\/comments?post=14"}],"version-history":[{"count":79,"href":"https:\/\/kataracte.ch\/ckp\/wp-json\/wp\/v2\/pages\/14\/revisions"}],"predecessor-version":[{"id":778,"href":"https:\/\/kataracte.ch\/ckp\/wp-json\/wp\/v2\/pages\/14\/revisions\/778"}],"wp:attachment":[{"href":"https:\/\/kataracte.ch\/ckp\/wp-json\/wp\/v2\/media?parent=14"}],"curies":[{"name":"wp","href":"https:\/\/api.w.org\/{rel}","templated":true}]}}